{"id":8680,"date":"2023-03-30T01:08:12","date_gmt":"2023-03-30T01:08:12","guid":{"rendered":"https:\/\/www.ecuacomex.com\/?post_type=product&#038;p=8680"},"modified":"2023-09-04T17:57:02","modified_gmt":"2023-09-04T17:57:02","slug":"tuberia-sch-40","status":"publish","type":"product","link":"https:\/\/www.ecuacomex.com\/en\/product\/tuberia-sch-40\/","title":{"rendered":"Tuber\u00eda SCH.40"},"content":{"rendered":"","protected":false},"excerpt":{"rendered":"<p>Esta tuber\u00eda est\u00e1\u00a0<b>destinada a aplicaciones mec\u00e1nicas y de presi\u00f3n y tambi\u00e9n es aceptable para usos ordinarios en la conducci\u00f3n de vapor, petr\u00f3leo, agua, gas, y las l\u00edneas de aire<\/b>. Este tipo de tuber\u00eda es apta para ser soldada y roscada. La vida \u00fatil corresponde al uso en condiciones normales para lo que fue fabricada.<\/p>","protected":false},"featured_media":8802,"template":"","meta":{"inline_featured_image":false},"product_brand":[],"product_cat":[89,20],"product_tag":[],"class_list":{"0":"post-8680","1":"product","2":"type-product","3":"status-publish","4":"has-post-thumbnail","6":"product_cat-acero-al-carbon","7":"product_cat-tuberias","9":"first","10":"instock","11":"shipping-taxable","12":"product-type-grouped"},"_links":{"self":[{"href":"https:\/\/www.ecuacomex.com\/en\/wp-json\/wp\/v2\/product\/8680","targetHints":{"allow":["GET"]}}],"collection":[{"href":"https:\/\/www.ecuacomex.com\/en\/wp-json\/wp\/v2\/product"}],"about":[{"href":"https:\/\/www.ecuacomex.com\/en\/wp-json\/wp\/v2\/types\/product"}],"version-history":[{"count":6,"href":"https:\/\/www.ecuacomex.com\/en\/wp-json\/wp\/v2\/product\/8680\/revisions"}],"predecessor-version":[{"id":8836,"href":"https:\/\/www.ecuacomex.com\/en\/wp-json\/wp\/v2\/product\/8680\/revisions\/8836"}],"wp:featuredmedia":[{"embeddable":true,"href":"https:\/\/www.ecuacomex.com\/en\/wp-json\/wp\/v2\/media\/8802"}],"wp:attachment":[{"href":"https:\/\/www.ecuacomex.com\/en\/wp-json\/wp\/v2\/media?parent=8680"}],"wp:term":[{"taxonomy":"product_brand","embeddable":true,"href":"https:\/\/www.ecuacomex.com\/en\/wp-json\/wp\/v2\/product_brand?post=8680"},{"taxonomy":"product_cat","embeddable":true,"href":"https:\/\/www.ecuacomex.com\/en\/wp-json\/wp\/v2\/product_cat?post=8680"},{"taxonomy":"product_tag","embeddable":true,"href":"https:\/\/www.ecuacomex.com\/en\/wp-json\/wp\/v2\/product_tag?post=8680"}],"curies":[{"name":"wp","href":"https:\/\/api.w.org\/{rel}","templated":true}]}}