{"id":8813,"date":"2023-04-03T21:07:26","date_gmt":"2023-04-03T21:07:26","guid":{"rendered":"https:\/\/www.ecuacomex.com\/?post_type=product&#038;p=8813"},"modified":"2023-10-05T17:48:28","modified_gmt":"2023-10-05T17:48:28","slug":"tuberia-sch-80","status":"publish","type":"product","link":"https:\/\/www.ecuacomex.com\/en\/product\/tuberia-sch-80\/","title":{"rendered":"Tuber\u00eda SCH.80"},"content":{"rendered":"","protected":false},"excerpt":{"rendered":"<p>Este tipo de tuber\u00eda se utiliza para la conducci\u00f3n de fluidos de vapor, petr\u00f3leo, gas, agua, aire.<\/p>\n<p><strong>De las normas:<\/strong><br \/>\nASTM \u2013 A106 &#8211; ASTM \u2013 A53 &#8211; API \u2013 5L<\/p>","protected":false},"featured_media":8803,"template":"","meta":{"inline_featured_image":false},"product_brand":[],"product_cat":[89,20],"product_tag":[],"class_list":{"0":"post-8813","1":"product","2":"type-product","3":"status-publish","4":"has-post-thumbnail","6":"product_cat-acero-al-carbon","7":"product_cat-tuberias","9":"first","10":"instock","11":"shipping-taxable","12":"product-type-grouped"},"_links":{"self":[{"href":"https:\/\/www.ecuacomex.com\/en\/wp-json\/wp\/v2\/product\/8813","targetHints":{"allow":["GET"]}}],"collection":[{"href":"https:\/\/www.ecuacomex.com\/en\/wp-json\/wp\/v2\/product"}],"about":[{"href":"https:\/\/www.ecuacomex.com\/en\/wp-json\/wp\/v2\/types\/product"}],"version-history":[{"count":2,"href":"https:\/\/www.ecuacomex.com\/en\/wp-json\/wp\/v2\/product\/8813\/revisions"}],"predecessor-version":[{"id":8838,"href":"https:\/\/www.ecuacomex.com\/en\/wp-json\/wp\/v2\/product\/8813\/revisions\/8838"}],"wp:featuredmedia":[{"embeddable":true,"href":"https:\/\/www.ecuacomex.com\/en\/wp-json\/wp\/v2\/media\/8803"}],"wp:attachment":[{"href":"https:\/\/www.ecuacomex.com\/en\/wp-json\/wp\/v2\/media?parent=8813"}],"wp:term":[{"taxonomy":"product_brand","embeddable":true,"href":"https:\/\/www.ecuacomex.com\/en\/wp-json\/wp\/v2\/product_brand?post=8813"},{"taxonomy":"product_cat","embeddable":true,"href":"https:\/\/www.ecuacomex.com\/en\/wp-json\/wp\/v2\/product_cat?post=8813"},{"taxonomy":"product_tag","embeddable":true,"href":"https:\/\/www.ecuacomex.com\/en\/wp-json\/wp\/v2\/product_tag?post=8813"}],"curies":[{"name":"wp","href":"https:\/\/api.w.org\/{rel}","templated":true}]}}