{"id":8823,"date":"2023-04-03T21:12:04","date_gmt":"2023-04-03T21:12:04","guid":{"rendered":"https:\/\/www.ecuacomex.com\/?post_type=product&#038;p=8823"},"modified":"2023-09-04T17:54:21","modified_gmt":"2023-09-04T17:54:21","slug":"tuberia-sch-40-a-i","status":"publish","type":"product","link":"https:\/\/www.ecuacomex.com\/en\/product\/tuberia-sch-40-a-i\/","title":{"rendered":"Tuber\u00eda SCH.40"},"content":{"rendered":"","protected":false},"excerpt":{"rendered":"<p>Este tipo de tuber\u00eda se utiliza para qu\u00edmicos, \u00e1cidos, vapor, aguas saladas, etc.<\/p>\n<p>De las normas:<br \/>\nASTM &#8211; A312 &#8211; T304 &#8211; T316<\/p>","protected":false},"featured_media":8808,"template":"","meta":{"inline_featured_image":false},"product_brand":[],"product_cat":[95,20],"product_tag":[],"class_list":{"0":"post-8823","1":"product","2":"type-product","3":"status-publish","4":"has-post-thumbnail","6":"product_cat-acero-inoxidable-tuberias","7":"product_cat-tuberias","9":"first","10":"instock","11":"shipping-taxable","12":"product-type-grouped"},"_links":{"self":[{"href":"https:\/\/www.ecuacomex.com\/en\/wp-json\/wp\/v2\/product\/8823","targetHints":{"allow":["GET"]}}],"collection":[{"href":"https:\/\/www.ecuacomex.com\/en\/wp-json\/wp\/v2\/product"}],"about":[{"href":"https:\/\/www.ecuacomex.com\/en\/wp-json\/wp\/v2\/types\/product"}],"version-history":[{"count":2,"href":"https:\/\/www.ecuacomex.com\/en\/wp-json\/wp\/v2\/product\/8823\/revisions"}],"predecessor-version":[{"id":8837,"href":"https:\/\/www.ecuacomex.com\/en\/wp-json\/wp\/v2\/product\/8823\/revisions\/8837"}],"wp:featuredmedia":[{"embeddable":true,"href":"https:\/\/www.ecuacomex.com\/en\/wp-json\/wp\/v2\/media\/8808"}],"wp:attachment":[{"href":"https:\/\/www.ecuacomex.com\/en\/wp-json\/wp\/v2\/media?parent=8823"}],"wp:term":[{"taxonomy":"product_brand","embeddable":true,"href":"https:\/\/www.ecuacomex.com\/en\/wp-json\/wp\/v2\/product_brand?post=8823"},{"taxonomy":"product_cat","embeddable":true,"href":"https:\/\/www.ecuacomex.com\/en\/wp-json\/wp\/v2\/product_cat?post=8823"},{"taxonomy":"product_tag","embeddable":true,"href":"https:\/\/www.ecuacomex.com\/en\/wp-json\/wp\/v2\/product_tag?post=8823"}],"curies":[{"name":"wp","href":"https:\/\/api.w.org\/{rel}","templated":true}]}}